{"id":8664,"date":"2021-06-29T23:08:15","date_gmt":"2021-06-29T20:08:15","guid":{"rendered":"https:\/\/www.lesmerimes.com\/customer-services\/"},"modified":"2021-06-29T23:08:17","modified_gmt":"2021-06-29T20:08:17","slug":"customer-services","status":"publish","type":"page","link":"https:\/\/lesmerimes.com\/en\/customer-services\/","title":{"rendered":"Customer Services"},"content":{"rendered":"<div class=\"wpb-content-wrapper\"><p>[vc_row][vc_column][vc_column_text woodmart_inline=&#8221;no&#8221; text_larger=&#8221;no&#8221;]<\/p>\n<h4 class=\"row\" style=\"text-align: center;\">Hand Made Products<\/h4>\n<div class=\"row\" style=\"text-align: center;\"><\/div>\n<div class=\"row\" style=\"text-align: center;\">Les Merimes products are produced with hand made acrylic painting technique and highest quality auxiliary material.<\/div>\n<div class=\"row\" style=\"text-align: center;\"><\/div>\n<h4 class=\"row\" style=\"text-align: center;\">Ma\u0131ntenance<\/h4>\n<div class=\"row\" style=\"text-align: center;\"><\/div>\n<div class=\"row\" style=\"text-align: center;\">Due to the risk of deformation of the pattern and application techniques used, dry cleaning is not recommended. Gently wipe the hats with a wet cloth.<\/div>\n<div class=\"row\" style=\"text-align: center;\"><\/div>\n<h4 class=\"row\" style=\"text-align: center;\">Keep\u0131ng<\/h4>\n<div class=\"row\" style=\"text-align: center;\"><\/div>\n<div class=\"row\" style=\"text-align: center;\">Please keep the hats in a hatbox in order to keep the brim intact and fill the box with indian paper, if possible. Hats may also be hung on a hat hook.<\/div>\n<div class=\"row\" style=\"text-align: center;\">Our Boulders, Matira and Navagio models include concealed grosgrain on interior crown, adjustable for desired fit.<\/div>\n<p>[\/vc_column_text][\/vc_column][\/vc_row]<\/p>\n<\/div>","protected":false},"excerpt":{"rendered":"<p>[vc_row][vc_column][vc_column_text woodmart_inline=&#8221;no&#8221; text_larger=&#8221;no&#8221;] Hand Made Products Les Merimes products are produced with hand made acrylic painting technique and highest quality<\/p>\n","protected":false},"author":1,"featured_media":0,"parent":0,"menu_order":0,"comment_status":"closed","ping_status":"closed","template":"","meta":{"footnotes":""},"class_list":["post-8664","page","type-page","status-publish","hentry"],"yoast_head":"<!-- This site is optimized with the Yoast SEO plugin v27.4 - https:\/\/yoast.com\/product\/yoast-seo-wordpress\/ -->\n<title>Customer Services - Les Merimes<\/title>\n<meta name=\"robots\" content=\"index, follow, max-snippet:-1, max-image-preview:large, max-video-preview:-1\" \/>\n<link rel=\"canonical\" href=\"https:\/\/lesmerimes.com\/en\/customer-services\/\" \/>\n<meta property=\"og:locale\" content=\"en_US\" \/>\n<meta property=\"og:type\" content=\"article\" \/>\n<meta property=\"og:title\" content=\"Customer Services - Les Merimes\" \/>\n<meta property=\"og:description\" content=\"[vc_row][vc_column][vc_column_text woodmart_inline=&#8221;no&#8221; text_larger=&#8221;no&#8221;] Hand Made Products Les Merimes products are produced with hand made acrylic painting technique and highest quality\" \/>\n<meta property=\"og:url\" content=\"https:\/\/lesmerimes.com\/en\/customer-services\/\" \/>\n<meta property=\"og:site_name\" content=\"Les Merimes\" \/>\n<meta property=\"article:modified_time\" content=\"2021-06-29T20:08:17+00:00\" \/>\n<meta property=\"og:image\" content=\"https:\/\/lesmerimes.com\/wp-content\/uploads\/2023\/02\/Screenshot_2023-02-04-20-09-40-387-edit_com.android.chrome.jpg\" \/>\n\t<meta property=\"og:image:width\" content=\"962\" \/>\n\t<meta property=\"og:image:height\" content=\"379\" \/>\n\t<meta property=\"og:image:type\" content=\"image\/jpeg\" \/>\n<meta name=\"twitter:card\" content=\"summary_large_image\" \/>\n<meta name=\"twitter:label1\" content=\"Est. reading time\" \/>\n\t<meta name=\"twitter:data1\" content=\"1 minute\" \/>\n<script type=\"application\/ld+json\" class=\"yoast-schema-graph\">{\"@context\":\"https:\\\/\\\/schema.org\",\"@graph\":[{\"@type\":\"WebPage\",\"@id\":\"https:\\\/\\\/lesmerimes.com\\\/en\\\/customer-services\\\/\",\"url\":\"https:\\\/\\\/lesmerimes.com\\\/en\\\/customer-services\\\/\",\"name\":\"Customer Services - Les Merimes\",\"isPartOf\":{\"@id\":\"https:\\\/\\\/lesmerimes.com\\\/en\\\/#website\"},\"datePublished\":\"2021-06-29T20:08:15+00:00\",\"dateModified\":\"2021-06-29T20:08:17+00:00\",\"breadcrumb\":{\"@id\":\"https:\\\/\\\/lesmerimes.com\\\/en\\\/customer-services\\\/#breadcrumb\"},\"inLanguage\":\"en-US\",\"potentialAction\":[{\"@type\":\"ReadAction\",\"target\":[\"https:\\\/\\\/lesmerimes.com\\\/en\\\/customer-services\\\/\"]}]},{\"@type\":\"BreadcrumbList\",\"@id\":\"https:\\\/\\\/lesmerimes.com\\\/en\\\/customer-services\\\/#breadcrumb\",\"itemListElement\":[{\"@type\":\"ListItem\",\"position\":1,\"name\":\"Anasayfa\",\"item\":\"https:\\\/\\\/lesmerimes.com\\\/\"},{\"@type\":\"ListItem\",\"position\":2,\"name\":\"Customer Services\"}]},{\"@type\":\"WebSite\",\"@id\":\"https:\\\/\\\/lesmerimes.com\\\/en\\\/#website\",\"url\":\"https:\\\/\\\/lesmerimes.com\\\/en\\\/\",\"name\":\"Les Merimes\",\"description\":\"Benzersiz El Yap\u0131m\u0131 \u015eapkalar\",\"publisher\":{\"@id\":\"https:\\\/\\\/lesmerimes.com\\\/en\\\/#organization\"},\"potentialAction\":[{\"@type\":\"SearchAction\",\"target\":{\"@type\":\"EntryPoint\",\"urlTemplate\":\"https:\\\/\\\/lesmerimes.com\\\/en\\\/?s={search_term_string}\"},\"query-input\":{\"@type\":\"PropertyValueSpecification\",\"valueRequired\":true,\"valueName\":\"search_term_string\"}}],\"inLanguage\":\"en-US\"},{\"@type\":\"Organization\",\"@id\":\"https:\\\/\\\/lesmerimes.com\\\/en\\\/#organization\",\"name\":\"Les Merimes\",\"url\":\"https:\\\/\\\/lesmerimes.com\\\/en\\\/\",\"logo\":{\"@type\":\"ImageObject\",\"inLanguage\":\"en-US\",\"@id\":\"https:\\\/\\\/lesmerimes.com\\\/en\\\/#\\\/schema\\\/logo\\\/image\\\/\",\"url\":\"https:\\\/\\\/www.lesmerimes.com\\\/wp-content\\\/uploads\\\/2021\\\/06\\\/lesmerimes-logo-gold.svg\",\"contentUrl\":\"https:\\\/\\\/www.lesmerimes.com\\\/wp-content\\\/uploads\\\/2021\\\/06\\\/lesmerimes-logo-gold.svg\",\"width\":185,\"height\":18,\"caption\":\"Les Merimes\"},\"image\":{\"@id\":\"https:\\\/\\\/lesmerimes.com\\\/en\\\/#\\\/schema\\\/logo\\\/image\\\/\"}}]}<\/script>\n<!-- \/ Yoast SEO plugin. -->","yoast_head_json":{"title":"Customer Services - Les Merimes","robots":{"index":"index","follow":"follow","max-snippet":"max-snippet:-1","max-image-preview":"max-image-preview:large","max-video-preview":"max-video-preview:-1"},"canonical":"https:\/\/lesmerimes.com\/en\/customer-services\/","og_locale":"en_US","og_type":"article","og_title":"Customer Services - Les Merimes","og_description":"[vc_row][vc_column][vc_column_text woodmart_inline=&#8221;no&#8221; text_larger=&#8221;no&#8221;] Hand Made Products Les Merimes products are produced with hand made acrylic painting technique and highest quality","og_url":"https:\/\/lesmerimes.com\/en\/customer-services\/","og_site_name":"Les Merimes","article_modified_time":"2021-06-29T20:08:17+00:00","og_image":[{"width":962,"height":379,"url":"https:\/\/lesmerimes.com\/wp-content\/uploads\/2023\/02\/Screenshot_2023-02-04-20-09-40-387-edit_com.android.chrome.jpg","type":"image\/jpeg"}],"twitter_card":"summary_large_image","twitter_misc":{"Est. reading time":"1 minute"},"schema":{"@context":"https:\/\/schema.org","@graph":[{"@type":"WebPage","@id":"https:\/\/lesmerimes.com\/en\/customer-services\/","url":"https:\/\/lesmerimes.com\/en\/customer-services\/","name":"Customer Services - Les Merimes","isPartOf":{"@id":"https:\/\/lesmerimes.com\/en\/#website"},"datePublished":"2021-06-29T20:08:15+00:00","dateModified":"2021-06-29T20:08:17+00:00","breadcrumb":{"@id":"https:\/\/lesmerimes.com\/en\/customer-services\/#breadcrumb"},"inLanguage":"en-US","potentialAction":[{"@type":"ReadAction","target":["https:\/\/lesmerimes.com\/en\/customer-services\/"]}]},{"@type":"BreadcrumbList","@id":"https:\/\/lesmerimes.com\/en\/customer-services\/#breadcrumb","itemListElement":[{"@type":"ListItem","position":1,"name":"Anasayfa","item":"https:\/\/lesmerimes.com\/"},{"@type":"ListItem","position":2,"name":"Customer Services"}]},{"@type":"WebSite","@id":"https:\/\/lesmerimes.com\/en\/#website","url":"https:\/\/lesmerimes.com\/en\/","name":"Les Merimes","description":"Benzersiz El Yap\u0131m\u0131 \u015eapkalar","publisher":{"@id":"https:\/\/lesmerimes.com\/en\/#organization"},"potentialAction":[{"@type":"SearchAction","target":{"@type":"EntryPoint","urlTemplate":"https:\/\/lesmerimes.com\/en\/?s={search_term_string}"},"query-input":{"@type":"PropertyValueSpecification","valueRequired":true,"valueName":"search_term_string"}}],"inLanguage":"en-US"},{"@type":"Organization","@id":"https:\/\/lesmerimes.com\/en\/#organization","name":"Les Merimes","url":"https:\/\/lesmerimes.com\/en\/","logo":{"@type":"ImageObject","inLanguage":"en-US","@id":"https:\/\/lesmerimes.com\/en\/#\/schema\/logo\/image\/","url":"https:\/\/www.lesmerimes.com\/wp-content\/uploads\/2021\/06\/lesmerimes-logo-gold.svg","contentUrl":"https:\/\/www.lesmerimes.com\/wp-content\/uploads\/2021\/06\/lesmerimes-logo-gold.svg","width":185,"height":18,"caption":"Les Merimes"},"image":{"@id":"https:\/\/lesmerimes.com\/en\/#\/schema\/logo\/image\/"}}]}},"_links":{"self":[{"href":"https:\/\/lesmerimes.com\/en\/wp-json\/wp\/v2\/pages\/8664","targetHints":{"allow":["GET"]}}],"collection":[{"href":"https:\/\/lesmerimes.com\/en\/wp-json\/wp\/v2\/pages"}],"about":[{"href":"https:\/\/lesmerimes.com\/en\/wp-json\/wp\/v2\/types\/page"}],"author":[{"embeddable":true,"href":"https:\/\/lesmerimes.com\/en\/wp-json\/wp\/v2\/users\/1"}],"replies":[{"embeddable":true,"href":"https:\/\/lesmerimes.com\/en\/wp-json\/wp\/v2\/comments?post=8664"}],"version-history":[{"count":0,"href":"https:\/\/lesmerimes.com\/en\/wp-json\/wp\/v2\/pages\/8664\/revisions"}],"wp:attachment":[{"href":"https:\/\/lesmerimes.com\/en\/wp-json\/wp\/v2\/media?parent=8664"}],"curies":[{"name":"wp","href":"https:\/\/api.w.org\/{rel}","templated":true}]}}