{"id":8372,"date":"2021-06-20T19:21:03","date_gmt":"2021-06-20T16:21:04","guid":{"rendered":"https:\/\/www.lesmerimes.com\/?post_type=product&#038;p=8372"},"modified":"2023-12-19T06:43:28","modified_gmt":"2023-12-19T03:43:28","slug":"fontelina-m-03","status":"publish","type":"product","link":"https:\/\/lesmerimes.com\/en\/urun\/fontelina-m-03\/","title":{"rendered":"Fontelina M.03"},"content":{"rendered":"<p>Material: 100 % Sraw<br \/>\nSize: One Size<br \/>\nFontelina, fringed hat with colored rope ornaments.<br \/>\nIncludes concealed grosgrain on interior crown, adjustable for desired fit.<br \/>\nSpot clean only.<br \/>\nHandmade.<\/p>\n","protected":false},"excerpt":{"rendered":"<p>Material: 100 % Sraw<\/p>\n<p>Size: One Size<\/p>\n<p>Fontelina, fringed hat with colored rope ornaments.<\/p>\n","protected":false},"featured_media":8368,"template":"","meta":[],"product_brand":[],"product_cat":[89,133],"product_tag":[],"class_list":{"0":"post-8372","1":"product","2":"type-product","3":"status-publish","4":"has-post-thumbnail","6":"product_cat-fontelina","7":"product_cat-ss24-hats","9":"first","10":"instock","11":"taxable","12":"shipping-taxable","13":"purchasable","14":"product-type-simple"},"yoast_head":"<!-- This site is optimized with the Yoast SEO plugin v27.2 - https:\/\/yoast.com\/product\/yoast-seo-wordpress\/ -->\n<title>Fontelina M.03 - Les Merimes<\/title>\n<meta name=\"robots\" content=\"index, follow, max-snippet:-1, max-image-preview:large, max-video-preview:-1\" \/>\n<link rel=\"canonical\" href=\"https:\/\/lesmerimes.com\/en\/urun\/fontelina-m-03\/\" \/>\n<meta property=\"og:locale\" content=\"en_US\" \/>\n<meta property=\"og:type\" content=\"article\" \/>\n<meta property=\"og:title\" content=\"Fontelina M.03 - Les Merimes\" \/>\n<meta property=\"og:description\" content=\"Material: 100 % Sraw  Size: One Size  Fontelina, fringed hat with colored rope ornaments.\" \/>\n<meta property=\"og:url\" content=\"https:\/\/lesmerimes.com\/en\/urun\/fontelina-m-03\/\" \/>\n<meta property=\"og:site_name\" content=\"Les Merimes\" \/>\n<meta property=\"article:modified_time\" content=\"2023-12-19T03:43:28+00:00\" \/>\n<meta property=\"og:image\" content=\"https:\/\/lesmerimes.com\/wp-content\/uploads\/2021\/06\/fontalina-m03-1-min.jpg\" \/>\n\t<meta property=\"og:image:width\" content=\"1600\" \/>\n\t<meta property=\"og:image:height\" content=\"1600\" \/>\n\t<meta property=\"og:image:type\" content=\"image\/jpeg\" \/>\n<meta name=\"twitter:card\" content=\"summary_large_image\" \/>\n<script type=\"application\/ld+json\" class=\"yoast-schema-graph\">{\"@context\":\"https:\/\/schema.org\",\"@graph\":[{\"@type\":\"WebPage\",\"@id\":\"https:\/\/lesmerimes.com\/en\/urun\/fontelina-m-03\/\",\"url\":\"https:\/\/lesmerimes.com\/en\/urun\/fontelina-m-03\/\",\"name\":\"Fontelina M.03 - Les Merimes\",\"isPartOf\":{\"@id\":\"https:\/\/lesmerimes.com\/en\/#website\"},\"primaryImageOfPage\":{\"@id\":\"https:\/\/lesmerimes.com\/en\/urun\/fontelina-m-03\/#primaryimage\"},\"image\":{\"@id\":\"https:\/\/lesmerimes.com\/en\/urun\/fontelina-m-03\/#primaryimage\"},\"thumbnailUrl\":\"https:\/\/lesmerimes.com\/wp-content\/uploads\/2021\/06\/fontalina-m03-1-min.jpg\",\"datePublished\":\"2021-06-20T16:21:04+00:00\",\"dateModified\":\"2023-12-19T03:43:28+00:00\",\"breadcrumb\":{\"@id\":\"https:\/\/lesmerimes.com\/en\/urun\/fontelina-m-03\/#breadcrumb\"},\"inLanguage\":\"en-US\",\"potentialAction\":[{\"@type\":\"ReadAction\",\"target\":[\"https:\/\/lesmerimes.com\/en\/urun\/fontelina-m-03\/\"]}]},{\"@type\":\"ImageObject\",\"inLanguage\":\"en-US\",\"@id\":\"https:\/\/lesmerimes.com\/en\/urun\/fontelina-m-03\/#primaryimage\",\"url\":\"https:\/\/lesmerimes.com\/wp-content\/uploads\/2021\/06\/fontalina-m03-1-min.jpg\",\"contentUrl\":\"https:\/\/lesmerimes.com\/wp-content\/uploads\/2021\/06\/fontalina-m03-1-min.jpg\",\"width\":1600,\"height\":1600},{\"@type\":\"BreadcrumbList\",\"@id\":\"https:\/\/lesmerimes.com\/en\/urun\/fontelina-m-03\/#breadcrumb\",\"itemListElement\":[{\"@type\":\"ListItem\",\"position\":1,\"name\":\"Anasayfa\",\"item\":\"https:\/\/lesmerimes.com\/\"},{\"@type\":\"ListItem\",\"position\":2,\"name\":\"Collection\",\"item\":\"https:\/\/lesmerimes.com\/collection\/?lang=en\"},{\"@type\":\"ListItem\",\"position\":3,\"name\":\"Fontelina M.03\"}]},{\"@type\":\"WebSite\",\"@id\":\"https:\/\/lesmerimes.com\/en\/#website\",\"url\":\"https:\/\/lesmerimes.com\/en\/\",\"name\":\"Les Merimes\",\"description\":\"Benzersiz El Yap\u0131m\u0131 \u015eapkalar\",\"publisher\":{\"@id\":\"https:\/\/lesmerimes.com\/en\/#organization\"},\"potentialAction\":[{\"@type\":\"SearchAction\",\"target\":{\"@type\":\"EntryPoint\",\"urlTemplate\":\"https:\/\/lesmerimes.com\/en\/?s={search_term_string}\"},\"query-input\":{\"@type\":\"PropertyValueSpecification\",\"valueRequired\":true,\"valueName\":\"search_term_string\"}}],\"inLanguage\":\"en-US\"},{\"@type\":\"Organization\",\"@id\":\"https:\/\/lesmerimes.com\/en\/#organization\",\"name\":\"Les Merimes\",\"url\":\"https:\/\/lesmerimes.com\/en\/\",\"logo\":{\"@type\":\"ImageObject\",\"inLanguage\":\"en-US\",\"@id\":\"https:\/\/lesmerimes.com\/en\/#\/schema\/logo\/image\/\",\"url\":\"https:\/\/www.lesmerimes.com\/wp-content\/uploads\/2021\/06\/lesmerimes-logo-gold.svg\",\"contentUrl\":\"https:\/\/www.lesmerimes.com\/wp-content\/uploads\/2021\/06\/lesmerimes-logo-gold.svg\",\"width\":185,\"height\":18,\"caption\":\"Les Merimes\"},\"image\":{\"@id\":\"https:\/\/lesmerimes.com\/en\/#\/schema\/logo\/image\/\"}}]}<\/script>\n<!-- \/ Yoast SEO plugin. -->","yoast_head_json":{"title":"Fontelina M.03 - Les Merimes","robots":{"index":"index","follow":"follow","max-snippet":"max-snippet:-1","max-image-preview":"max-image-preview:large","max-video-preview":"max-video-preview:-1"},"canonical":"https:\/\/lesmerimes.com\/en\/urun\/fontelina-m-03\/","og_locale":"en_US","og_type":"article","og_title":"Fontelina M.03 - Les Merimes","og_description":"Material: 100 % Sraw  Size: One Size  Fontelina, fringed hat with colored rope ornaments.","og_url":"https:\/\/lesmerimes.com\/en\/urun\/fontelina-m-03\/","og_site_name":"Les Merimes","article_modified_time":"2023-12-19T03:43:28+00:00","og_image":[{"width":1600,"height":1600,"url":"https:\/\/lesmerimes.com\/wp-content\/uploads\/2021\/06\/fontalina-m03-1-min.jpg","type":"image\/jpeg"}],"twitter_card":"summary_large_image","schema":{"@context":"https:\/\/schema.org","@graph":[{"@type":"WebPage","@id":"https:\/\/lesmerimes.com\/en\/urun\/fontelina-m-03\/","url":"https:\/\/lesmerimes.com\/en\/urun\/fontelina-m-03\/","name":"Fontelina M.03 - Les Merimes","isPartOf":{"@id":"https:\/\/lesmerimes.com\/en\/#website"},"primaryImageOfPage":{"@id":"https:\/\/lesmerimes.com\/en\/urun\/fontelina-m-03\/#primaryimage"},"image":{"@id":"https:\/\/lesmerimes.com\/en\/urun\/fontelina-m-03\/#primaryimage"},"thumbnailUrl":"https:\/\/lesmerimes.com\/wp-content\/uploads\/2021\/06\/fontalina-m03-1-min.jpg","datePublished":"2021-06-20T16:21:04+00:00","dateModified":"2023-12-19T03:43:28+00:00","breadcrumb":{"@id":"https:\/\/lesmerimes.com\/en\/urun\/fontelina-m-03\/#breadcrumb"},"inLanguage":"en-US","potentialAction":[{"@type":"ReadAction","target":["https:\/\/lesmerimes.com\/en\/urun\/fontelina-m-03\/"]}]},{"@type":"ImageObject","inLanguage":"en-US","@id":"https:\/\/lesmerimes.com\/en\/urun\/fontelina-m-03\/#primaryimage","url":"https:\/\/lesmerimes.com\/wp-content\/uploads\/2021\/06\/fontalina-m03-1-min.jpg","contentUrl":"https:\/\/lesmerimes.com\/wp-content\/uploads\/2021\/06\/fontalina-m03-1-min.jpg","width":1600,"height":1600},{"@type":"BreadcrumbList","@id":"https:\/\/lesmerimes.com\/en\/urun\/fontelina-m-03\/#breadcrumb","itemListElement":[{"@type":"ListItem","position":1,"name":"Anasayfa","item":"https:\/\/lesmerimes.com\/"},{"@type":"ListItem","position":2,"name":"Collection","item":"https:\/\/lesmerimes.com\/collection\/?lang=en"},{"@type":"ListItem","position":3,"name":"Fontelina M.03"}]},{"@type":"WebSite","@id":"https:\/\/lesmerimes.com\/en\/#website","url":"https:\/\/lesmerimes.com\/en\/","name":"Les Merimes","description":"Benzersiz El Yap\u0131m\u0131 \u015eapkalar","publisher":{"@id":"https:\/\/lesmerimes.com\/en\/#organization"},"potentialAction":[{"@type":"SearchAction","target":{"@type":"EntryPoint","urlTemplate":"https:\/\/lesmerimes.com\/en\/?s={search_term_string}"},"query-input":{"@type":"PropertyValueSpecification","valueRequired":true,"valueName":"search_term_string"}}],"inLanguage":"en-US"},{"@type":"Organization","@id":"https:\/\/lesmerimes.com\/en\/#organization","name":"Les Merimes","url":"https:\/\/lesmerimes.com\/en\/","logo":{"@type":"ImageObject","inLanguage":"en-US","@id":"https:\/\/lesmerimes.com\/en\/#\/schema\/logo\/image\/","url":"https:\/\/www.lesmerimes.com\/wp-content\/uploads\/2021\/06\/lesmerimes-logo-gold.svg","contentUrl":"https:\/\/www.lesmerimes.com\/wp-content\/uploads\/2021\/06\/lesmerimes-logo-gold.svg","width":185,"height":18,"caption":"Les Merimes"},"image":{"@id":"https:\/\/lesmerimes.com\/en\/#\/schema\/logo\/image\/"}}]}},"_links":{"self":[{"href":"https:\/\/lesmerimes.com\/en\/wp-json\/wp\/v2\/product\/8372","targetHints":{"allow":["GET"]}}],"collection":[{"href":"https:\/\/lesmerimes.com\/en\/wp-json\/wp\/v2\/product"}],"about":[{"href":"https:\/\/lesmerimes.com\/en\/wp-json\/wp\/v2\/types\/product"}],"wp:featuredmedia":[{"embeddable":true,"href":"https:\/\/lesmerimes.com\/en\/wp-json\/wp\/v2\/media\/8368"}],"wp:attachment":[{"href":"https:\/\/lesmerimes.com\/en\/wp-json\/wp\/v2\/media?parent=8372"}],"wp:term":[{"taxonomy":"product_brand","embeddable":true,"href":"https:\/\/lesmerimes.com\/en\/wp-json\/wp\/v2\/product_brand?post=8372"},{"taxonomy":"product_cat","embeddable":true,"href":"https:\/\/lesmerimes.com\/en\/wp-json\/wp\/v2\/product_cat?post=8372"},{"taxonomy":"product_tag","embeddable":true,"href":"https:\/\/lesmerimes.com\/en\/wp-json\/wp\/v2\/product_tag?post=8372"}],"curies":[{"name":"wp","href":"https:\/\/api.w.org\/{rel}","templated":true}]}}